{"id":90,"date":"2023-11-03T09:28:13","date_gmt":"2023-11-03T08:28:13","guid":{"rendered":"https:\/\/juliencoudraysoudure.fr\/?page_id=90"},"modified":"2025-08-29T08:50:11","modified_gmt":"2025-08-29T06:50:11","slug":"materiel-agricole","status":"publish","type":"page","link":"https:\/\/juliencoudraysoudure.fr\/index.php\/materiel-agricole\/","title":{"rendered":"Mat\u00e9riel agricole"},"content":{"rendered":"\n<p>L&#8217;entreprise propose \u00e9galement des travaux dans le milieu agricole. R\u00e9paration et modification d&#8217;outils selon vos besoins.<\/p>\n\n\n\n<figure class=\"wp-block-image size-large\"><img loading=\"lazy\" decoding=\"async\" width=\"768\" height=\"1024\" src=\"http:\/\/juliencoudraysoudure.fr\/wp-content\/uploads\/2024\/03\/20240229_103111-768x1024.jpg\" alt=\"\" class=\"wp-image-145\" srcset=\"https:\/\/juliencoudraysoudure.fr\/wp-content\/uploads\/2024\/03\/20240229_103111-768x1024.jpg 768w, https:\/\/juliencoudraysoudure.fr\/wp-content\/uploads\/2024\/03\/20240229_103111-225x300.jpg 225w, https:\/\/juliencoudraysoudure.fr\/wp-content\/uploads\/2024\/03\/20240229_103111-1152x1536.jpg 1152w, https:\/\/juliencoudraysoudure.fr\/wp-content\/uploads\/2024\/03\/20240229_103111-1536x2048.jpg 1536w, https:\/\/juliencoudraysoudure.fr\/wp-content\/uploads\/2024\/03\/20240229_103111-scaled.jpg 1920w\" sizes=\"auto, (max-width: 767px) 89vw, (max-width: 1000px) 54vw, (max-width: 1071px) 543px, 580px\" \/><figcaption class=\"wp-element-caption\">Projet en cours d&#8217;une fabrication de d\u00e9cortiqueuse pour la ferme Br\u00e9ti&#8217;graines. Les cosses d&#8217;\u00e9peautre produit sur Saint Aubin d&#8217;Aubign\u00e9  n&#8217;y r\u00e9sisteront pas !<\/figcaption><\/figure>\n\n\n\n<figure class=\"wp-block-image size-large\"><img loading=\"lazy\" decoding=\"async\" width=\"768\" height=\"1024\" src=\"http:\/\/juliencoudraysoudure.fr\/wp-content\/uploads\/2024\/03\/20240229_103122-768x1024.jpg\" alt=\"\" class=\"wp-image-144\" srcset=\"https:\/\/juliencoudraysoudure.fr\/wp-content\/uploads\/2024\/03\/20240229_103122-768x1024.jpg 768w, https:\/\/juliencoudraysoudure.fr\/wp-content\/uploads\/2024\/03\/20240229_103122-225x300.jpg 225w, https:\/\/juliencoudraysoudure.fr\/wp-content\/uploads\/2024\/03\/20240229_103122-1152x1536.jpg 1152w, https:\/\/juliencoudraysoudure.fr\/wp-content\/uploads\/2024\/03\/20240229_103122-1536x2048.jpg 1536w, https:\/\/juliencoudraysoudure.fr\/wp-content\/uploads\/2024\/03\/20240229_103122-scaled.jpg 1920w\" sizes=\"auto, (max-width: 767px) 89vw, (max-width: 1000px) 54vw, (max-width: 1071px) 543px, 580px\" \/><figcaption class=\"wp-element-caption\">Ici la premi\u00e8re \u00e9tape de pointage pour un bon assemblage des pi\u00e8ces.<\/figcaption><\/figure>\n\n\n\n<figure class=\"wp-block-image size-large\"><img loading=\"lazy\" decoding=\"async\" width=\"768\" height=\"1024\" src=\"http:\/\/juliencoudraysoudure.fr\/wp-content\/uploads\/2024\/03\/20240319_171536-768x1024.jpg\" alt=\"\" class=\"wp-image-183\" srcset=\"https:\/\/juliencoudraysoudure.fr\/wp-content\/uploads\/2024\/03\/20240319_171536-768x1024.jpg 768w, https:\/\/juliencoudraysoudure.fr\/wp-content\/uploads\/2024\/03\/20240319_171536-225x300.jpg 225w, https:\/\/juliencoudraysoudure.fr\/wp-content\/uploads\/2024\/03\/20240319_171536-1152x1536.jpg 1152w, https:\/\/juliencoudraysoudure.fr\/wp-content\/uploads\/2024\/03\/20240319_171536-1536x2048.jpg 1536w, https:\/\/juliencoudraysoudure.fr\/wp-content\/uploads\/2024\/03\/20240319_171536-scaled.jpg 1920w\" sizes=\"auto, (max-width: 767px) 89vw, (max-width: 1000px) 54vw, (max-width: 1071px) 543px, 580px\" \/><figcaption class=\"wp-element-caption\">Assemblage de la d\u00e9cortiqueuse.<\/figcaption><\/figure>\n\n\n\n<figure class=\"wp-block-image size-large\"><img loading=\"lazy\" decoding=\"async\" width=\"768\" height=\"1024\" src=\"http:\/\/juliencoudraysoudure.fr\/wp-content\/uploads\/2024\/03\/20240319_171522-768x1024.jpg\" alt=\"\" class=\"wp-image-184\" srcset=\"https:\/\/juliencoudraysoudure.fr\/wp-content\/uploads\/2024\/03\/20240319_171522-768x1024.jpg 768w, https:\/\/juliencoudraysoudure.fr\/wp-content\/uploads\/2024\/03\/20240319_171522-225x300.jpg 225w, https:\/\/juliencoudraysoudure.fr\/wp-content\/uploads\/2024\/03\/20240319_171522-1152x1536.jpg 1152w, https:\/\/juliencoudraysoudure.fr\/wp-content\/uploads\/2024\/03\/20240319_171522-1536x2048.jpg 1536w, https:\/\/juliencoudraysoudure.fr\/wp-content\/uploads\/2024\/03\/20240319_171522-scaled.jpg 1920w\" sizes=\"auto, (max-width: 767px) 89vw, (max-width: 1000px) 54vw, (max-width: 1071px) 543px, 580px\" \/><figcaption class=\"wp-element-caption\">Une vue de cot\u00e9<\/figcaption><\/figure>\n\n\n\n<figure class=\"wp-block-image size-large\"><img loading=\"lazy\" decoding=\"async\" width=\"768\" height=\"1024\" src=\"http:\/\/juliencoudraysoudure.fr\/wp-content\/uploads\/2024\/04\/20240325_090430-768x1024.jpg\" alt=\"\" class=\"wp-image-196\" srcset=\"https:\/\/juliencoudraysoudure.fr\/wp-content\/uploads\/2024\/04\/20240325_090430-768x1024.jpg 768w, https:\/\/juliencoudraysoudure.fr\/wp-content\/uploads\/2024\/04\/20240325_090430-225x300.jpg 225w, https:\/\/juliencoudraysoudure.fr\/wp-content\/uploads\/2024\/04\/20240325_090430-1152x1536.jpg 1152w, https:\/\/juliencoudraysoudure.fr\/wp-content\/uploads\/2024\/04\/20240325_090430-1536x2048.jpg 1536w, https:\/\/juliencoudraysoudure.fr\/wp-content\/uploads\/2024\/04\/20240325_090430-scaled.jpg 1920w\" sizes=\"auto, (max-width: 767px) 89vw, (max-width: 1000px) 54vw, (max-width: 1071px) 543px, 580px\" \/><figcaption class=\"wp-element-caption\">Pi\u00e8ces de renforts soud\u00e9e sur une charrue pour limiter une usure  pr\u00e9matur\u00e9e.<\/figcaption><\/figure>\n\n\n\n<figure class=\"wp-block-image size-large\"><img loading=\"lazy\" decoding=\"async\" width=\"768\" height=\"1024\" src=\"http:\/\/juliencoudraysoudure.fr\/wp-content\/uploads\/2024\/04\/20240325_090414-768x1024.jpg\" alt=\"\" class=\"wp-image-195\" srcset=\"https:\/\/juliencoudraysoudure.fr\/wp-content\/uploads\/2024\/04\/20240325_090414-768x1024.jpg 768w, https:\/\/juliencoudraysoudure.fr\/wp-content\/uploads\/2024\/04\/20240325_090414-225x300.jpg 225w, https:\/\/juliencoudraysoudure.fr\/wp-content\/uploads\/2024\/04\/20240325_090414-1152x1536.jpg 1152w, https:\/\/juliencoudraysoudure.fr\/wp-content\/uploads\/2024\/04\/20240325_090414-1536x2048.jpg 1536w, https:\/\/juliencoudraysoudure.fr\/wp-content\/uploads\/2024\/04\/20240325_090414-scaled.jpg 1920w\" sizes=\"auto, (max-width: 767px) 89vw, (max-width: 1000px) 54vw, (max-width: 1071px) 543px, 580px\" \/><figcaption class=\"wp-element-caption\">M\u00eame op\u00e9ration r\u00e9alis\u00e9e sur chaque socle.<\/figcaption><\/figure>\n\n\n\n<figure class=\"wp-block-image size-large\"><img loading=\"lazy\" decoding=\"async\" width=\"768\" height=\"1024\" src=\"http:\/\/juliencoudraysoudure.fr\/wp-content\/uploads\/2024\/09\/20240905_111117-768x1024.jpg\" alt=\"\" class=\"wp-image-222\" srcset=\"https:\/\/juliencoudraysoudure.fr\/wp-content\/uploads\/2024\/09\/20240905_111117-768x1024.jpg 768w, https:\/\/juliencoudraysoudure.fr\/wp-content\/uploads\/2024\/09\/20240905_111117-225x300.jpg 225w, https:\/\/juliencoudraysoudure.fr\/wp-content\/uploads\/2024\/09\/20240905_111117-1152x1536.jpg 1152w, https:\/\/juliencoudraysoudure.fr\/wp-content\/uploads\/2024\/09\/20240905_111117-1536x2048.jpg 1536w, https:\/\/juliencoudraysoudure.fr\/wp-content\/uploads\/2024\/09\/20240905_111117-scaled.jpg 1920w\" sizes=\"auto, (max-width: 767px) 89vw, (max-width: 1000px) 54vw, (max-width: 1071px) 543px, 580px\" \/><figcaption class=\"wp-element-caption\"><font _mstmutation=\"1\" _msttexthash=\"4539340\" _msthash=\"377\">Cr\u00e9ation d\u2019une structure pour accueillir un semoir sur un scalpeur<\/font><\/figcaption><\/figure>\n\n\n\n<figure class=\"wp-block-gallery has-nested-images columns-default is-cropped wp-block-gallery-1 is-layout-flex wp-block-gallery-is-layout-flex\">\n<figure class=\"wp-block-image size-large\"><img loading=\"lazy\" decoding=\"async\" width=\"768\" height=\"1024\" data-id=\"235\" src=\"https:\/\/juliencoudraysoudure.fr\/wp-content\/uploads\/2025\/01\/20241203_162123-768x1024.jpg\" alt=\"\" class=\"wp-image-235\" srcset=\"https:\/\/juliencoudraysoudure.fr\/wp-content\/uploads\/2025\/01\/20241203_162123-768x1024.jpg 768w, https:\/\/juliencoudraysoudure.fr\/wp-content\/uploads\/2025\/01\/20241203_162123-225x300.jpg 225w, https:\/\/juliencoudraysoudure.fr\/wp-content\/uploads\/2025\/01\/20241203_162123-1152x1536.jpg 1152w, https:\/\/juliencoudraysoudure.fr\/wp-content\/uploads\/2025\/01\/20241203_162123-1536x2048.jpg 1536w, https:\/\/juliencoudraysoudure.fr\/wp-content\/uploads\/2025\/01\/20241203_162123-scaled.jpg 1920w\" sizes=\"auto, (max-width: 767px) 89vw, (max-width: 1000px) 54vw, (max-width: 1071px) 543px, 580px\" \/><figcaption class=\"wp-element-caption\">Pose de 12 portails et barres de renfort<br> avec l&#8217;aide de l&#8217;agriculteur !<\/figcaption><\/figure>\n<\/figure>\n\n\n\n<figure class=\"wp-block-gallery has-nested-images columns-default is-cropped wp-block-gallery-2 is-layout-flex wp-block-gallery-is-layout-flex\">\n<figure class=\"wp-block-image size-large\"><img loading=\"lazy\" decoding=\"async\" width=\"768\" height=\"1024\" data-id=\"236\" src=\"https:\/\/juliencoudraysoudure.fr\/wp-content\/uploads\/2025\/01\/20241203_152423-768x1024.jpg\" alt=\"\" class=\"wp-image-236\" srcset=\"https:\/\/juliencoudraysoudure.fr\/wp-content\/uploads\/2025\/01\/20241203_152423-768x1024.jpg 768w, https:\/\/juliencoudraysoudure.fr\/wp-content\/uploads\/2025\/01\/20241203_152423-225x300.jpg 225w, https:\/\/juliencoudraysoudure.fr\/wp-content\/uploads\/2025\/01\/20241203_152423-1152x1536.jpg 1152w, https:\/\/juliencoudraysoudure.fr\/wp-content\/uploads\/2025\/01\/20241203_152423-1536x2048.jpg 1536w, https:\/\/juliencoudraysoudure.fr\/wp-content\/uploads\/2025\/01\/20241203_152423-scaled.jpg 1920w\" sizes=\"auto, (max-width: 767px) 89vw, (max-width: 1000px) 54vw, (max-width: 1071px) 543px, 580px\" \/><figcaption class=\"wp-element-caption\">Soudure montante des chapes <\/figcaption><\/figure>\n<\/figure>\n\n\n\n<figure class=\"wp-block-image size-large\"><img loading=\"lazy\" decoding=\"async\" width=\"768\" height=\"1024\" src=\"http:\/\/juliencoudraysoudure.fr\/wp-content\/uploads\/2025\/04\/20250310_155252-768x1024.jpg\" alt=\"\" class=\"wp-image-250\" srcset=\"https:\/\/juliencoudraysoudure.fr\/wp-content\/uploads\/2025\/04\/20250310_155252-768x1024.jpg 768w, https:\/\/juliencoudraysoudure.fr\/wp-content\/uploads\/2025\/04\/20250310_155252-225x300.jpg 225w, https:\/\/juliencoudraysoudure.fr\/wp-content\/uploads\/2025\/04\/20250310_155252-1152x1536.jpg 1152w, https:\/\/juliencoudraysoudure.fr\/wp-content\/uploads\/2025\/04\/20250310_155252-1536x2048.jpg 1536w, https:\/\/juliencoudraysoudure.fr\/wp-content\/uploads\/2025\/04\/20250310_155252-scaled.jpg 1920w\" sizes=\"auto, (max-width: 767px) 89vw, (max-width: 1000px) 54vw, (max-width: 1071px) 543px, 580px\" \/><figcaption class=\"wp-element-caption\">Cr\u00e9ation d&#8217;une ossature de porte agricole, un bardage sera pos\u00e9 par la suite.<\/figcaption><\/figure>\n\n\n\n<p><font _mstmutation=\"1\"><\/font><\/p>\n\n\n\n<p><font _mstmutation=\"1\"><\/font><\/p>\n\n\n\n<p><font _mstmutation=\"1\"><\/font><\/p>\n\n\n\n<p><font _mstmutation=\"1\"><\/font><\/p>\n\n\n\n<figure class=\"wp-block-gallery has-nested-images columns-default is-cropped wp-block-gallery-3 is-layout-flex wp-block-gallery-is-layout-flex\">\n<figure class=\"wp-block-image size-large\"><img loading=\"lazy\" decoding=\"async\" width=\"461\" height=\"1024\" data-id=\"285\" src=\"https:\/\/juliencoudraysoudure.fr\/wp-content\/uploads\/2025\/08\/Screenshot_20250829-083607_WhatsApp-461x1024.jpg\" alt=\"\" class=\"wp-image-285\" srcset=\"https:\/\/juliencoudraysoudure.fr\/wp-content\/uploads\/2025\/08\/Screenshot_20250829-083607_WhatsApp-461x1024.jpg 461w, https:\/\/juliencoudraysoudure.fr\/wp-content\/uploads\/2025\/08\/Screenshot_20250829-083607_WhatsApp-135x300.jpg 135w, https:\/\/juliencoudraysoudure.fr\/wp-content\/uploads\/2025\/08\/Screenshot_20250829-083607_WhatsApp-691x1536.jpg 691w, https:\/\/juliencoudraysoudure.fr\/wp-content\/uploads\/2025\/08\/Screenshot_20250829-083607_WhatsApp.jpg 720w\" sizes=\"auto, (max-width: 461px) 100vw, 461px\" \/><\/figure>\n\n\n\n<figure class=\"wp-block-image size-large\"><img loading=\"lazy\" decoding=\"async\" width=\"461\" height=\"1024\" data-id=\"287\" src=\"https:\/\/juliencoudraysoudure.fr\/wp-content\/uploads\/2025\/08\/Screenshot_20250829-082655_WhatsApp-461x1024.jpg\" alt=\"R\u00e9paration sur broyeur\" class=\"wp-image-287\" srcset=\"https:\/\/juliencoudraysoudure.fr\/wp-content\/uploads\/2025\/08\/Screenshot_20250829-082655_WhatsApp-461x1024.jpg 461w, https:\/\/juliencoudraysoudure.fr\/wp-content\/uploads\/2025\/08\/Screenshot_20250829-082655_WhatsApp-135x300.jpg 135w, https:\/\/juliencoudraysoudure.fr\/wp-content\/uploads\/2025\/08\/Screenshot_20250829-082655_WhatsApp-691x1536.jpg 691w, https:\/\/juliencoudraysoudure.fr\/wp-content\/uploads\/2025\/08\/Screenshot_20250829-082655_WhatsApp.jpg 720w\" sizes=\"auto, (max-width: 461px) 100vw, 461px\" \/><\/figure>\n<\/figure>\n\n\n\n<p><font _mstmutation=\"1\"><\/font><\/p>\n\n\n\n<figure class=\"wp-block-gallery has-nested-images columns-default is-cropped wp-block-gallery-4 is-layout-flex wp-block-gallery-is-layout-flex\">\n<figure class=\"wp-block-image size-large\"><img loading=\"lazy\" decoding=\"async\" width=\"461\" height=\"1024\" data-id=\"286\" src=\"https:\/\/juliencoudraysoudure.fr\/wp-content\/uploads\/2025\/08\/Screenshot_20250829-082617_WhatsApp-461x1024.jpg\" alt=\"\" class=\"wp-image-286\" srcset=\"https:\/\/juliencoudraysoudure.fr\/wp-content\/uploads\/2025\/08\/Screenshot_20250829-082617_WhatsApp-461x1024.jpg 461w, https:\/\/juliencoudraysoudure.fr\/wp-content\/uploads\/2025\/08\/Screenshot_20250829-082617_WhatsApp-135x300.jpg 135w, https:\/\/juliencoudraysoudure.fr\/wp-content\/uploads\/2025\/08\/Screenshot_20250829-082617_WhatsApp-691x1536.jpg 691w, https:\/\/juliencoudraysoudure.fr\/wp-content\/uploads\/2025\/08\/Screenshot_20250829-082617_WhatsApp.jpg 720w\" sizes=\"auto, (max-width: 461px) 100vw, 461px\" \/><figcaption class=\"wp-element-caption\">Adaptation d&#8217;un plateau pour la coupe d&#8217;une faucheuse andaineuse. Solivage, structure pour maintient de l&#8217;outil dans cette position et anneau d&#8217;attelage ont \u00e9t\u00e9 soud\u00e9 <\/figcaption><\/figure>\n\n\n\n<figure class=\"wp-block-image size-large\"><img loading=\"lazy\" decoding=\"async\" width=\"768\" height=\"1024\" data-id=\"254\" src=\"https:\/\/juliencoudraysoudure.fr\/wp-content\/uploads\/2025\/04\/20250304_170322-768x1024.jpg\" alt=\"\" class=\"wp-image-254\" srcset=\"https:\/\/juliencoudraysoudure.fr\/wp-content\/uploads\/2025\/04\/20250304_170322-768x1024.jpg 768w, https:\/\/juliencoudraysoudure.fr\/wp-content\/uploads\/2025\/04\/20250304_170322-225x300.jpg 225w, https:\/\/juliencoudraysoudure.fr\/wp-content\/uploads\/2025\/04\/20250304_170322-1152x1536.jpg 1152w, https:\/\/juliencoudraysoudure.fr\/wp-content\/uploads\/2025\/04\/20250304_170322-1536x2048.jpg 1536w, https:\/\/juliencoudraysoudure.fr\/wp-content\/uploads\/2025\/04\/20250304_170322-scaled.jpg 1920w\" sizes=\"auto, (max-width: 767px) 89vw, (max-width: 1000px) 54vw, (max-width: 1071px) 543px, 580px\" \/><figcaption class=\"wp-element-caption\">T\u00eate d&#8217;attelage sur plateau pour transport de faucheuse andaineuse.<\/figcaption><\/figure>\n<\/figure>\n","protected":false},"excerpt":{"rendered":"<p>L&#8217;entreprise propose \u00e9galement des travaux dans le milieu agricole. R\u00e9paration et modification d&#8217;outils selon vos besoins.<\/p>\n","protected":false},"author":2,"featured_media":0,"parent":0,"menu_order":0,"comment_status":"closed","ping_status":"closed","template":"","meta":{"footnotes":""},"class_list":["post-90","page","type-page","status-publish","hentry"],"_links":{"self":[{"href":"https:\/\/juliencoudraysoudure.fr\/index.php\/wp-json\/wp\/v2\/pages\/90","targetHints":{"allow":["GET"]}}],"collection":[{"href":"https:\/\/juliencoudraysoudure.fr\/index.php\/wp-json\/wp\/v2\/pages"}],"about":[{"href":"https:\/\/juliencoudraysoudure.fr\/index.php\/wp-json\/wp\/v2\/types\/page"}],"author":[{"embeddable":true,"href":"https:\/\/juliencoudraysoudure.fr\/index.php\/wp-json\/wp\/v2\/users\/2"}],"replies":[{"embeddable":true,"href":"https:\/\/juliencoudraysoudure.fr\/index.php\/wp-json\/wp\/v2\/comments?post=90"}],"version-history":[{"count":16,"href":"https:\/\/juliencoudraysoudure.fr\/index.php\/wp-json\/wp\/v2\/pages\/90\/revisions"}],"predecessor-version":[{"id":291,"href":"https:\/\/juliencoudraysoudure.fr\/index.php\/wp-json\/wp\/v2\/pages\/90\/revisions\/291"}],"wp:attachment":[{"href":"https:\/\/juliencoudraysoudure.fr\/index.php\/wp-json\/wp\/v2\/media?parent=90"}],"curies":[{"name":"wp","href":"https:\/\/api.w.org\/{rel}","templated":true}]}}