{"id":89,"date":"2023-11-03T09:28:13","date_gmt":"2023-11-03T08:28:13","guid":{"rendered":"https:\/\/juliencoudraysoudure.fr\/?page_id=89"},"modified":"2024-03-11T20:08:39","modified_gmt":"2024-03-11T19:08:39","slug":"reparation","status":"publish","type":"page","link":"https:\/\/juliencoudraysoudure.fr\/index.php\/reparation\/","title":{"rendered":"R\u00e9paration"},"content":{"rendered":"\n<p>N&#8217;h\u00e9sitez pas \u00e0 demander des renseignements pour r\u00e9parer vos objets cass\u00e9s. A l&#8217;heure o\u00f9 la surconsommation est \u00e0 r\u00e9duire, pensons \u00e0 recycler plut\u00f4t qu&#8217;\u00e0 jeter !<\/p>\n\n\n\n<p>Photos \u00e0 venir&#8230;<\/p>\n","protected":false},"excerpt":{"rendered":"<p>N&#8217;h\u00e9sitez pas \u00e0 demander des renseignements pour r\u00e9parer vos objets cass\u00e9s. A l&#8217;heure o\u00f9 la surconsommation est \u00e0 r\u00e9duire, pensons \u00e0 recycler plut\u00f4t qu&#8217;\u00e0 jeter ! Photos \u00e0 venir&#8230;<\/p>\n","protected":false},"author":2,"featured_media":0,"parent":0,"menu_order":0,"comment_status":"closed","ping_status":"closed","template":"","meta":{"footnotes":""},"class_list":["post-89","page","type-page","status-publish","hentry"],"_links":{"self":[{"href":"https:\/\/juliencoudraysoudure.fr\/index.php\/wp-json\/wp\/v2\/pages\/89","targetHints":{"allow":["GET"]}}],"collection":[{"href":"https:\/\/juliencoudraysoudure.fr\/index.php\/wp-json\/wp\/v2\/pages"}],"about":[{"href":"https:\/\/juliencoudraysoudure.fr\/index.php\/wp-json\/wp\/v2\/types\/page"}],"author":[{"embeddable":true,"href":"https:\/\/juliencoudraysoudure.fr\/index.php\/wp-json\/wp\/v2\/users\/2"}],"replies":[{"embeddable":true,"href":"https:\/\/juliencoudraysoudure.fr\/index.php\/wp-json\/wp\/v2\/comments?post=89"}],"version-history":[{"count":3,"href":"https:\/\/juliencoudraysoudure.fr\/index.php\/wp-json\/wp\/v2\/pages\/89\/revisions"}],"predecessor-version":[{"id":174,"href":"https:\/\/juliencoudraysoudure.fr\/index.php\/wp-json\/wp\/v2\/pages\/89\/revisions\/174"}],"wp:attachment":[{"href":"https:\/\/juliencoudraysoudure.fr\/index.php\/wp-json\/wp\/v2\/media?parent=89"}],"curies":[{"name":"wp","href":"https:\/\/api.w.org\/{rel}","templated":true}]}}