{"id":88,"date":"2023-11-03T09:28:13","date_gmt":"2023-11-03T08:28:13","guid":{"rendered":"https:\/\/juliencoudraysoudure.fr\/?page_id=88"},"modified":"2024-03-11T19:50:44","modified_gmt":"2024-03-11T18:50:44","slug":"mobilier","status":"publish","type":"page","link":"https:\/\/juliencoudraysoudure.fr\/index.php\/mobilier\/","title":{"rendered":"Mobilier"},"content":{"rendered":"\n<p>N&#8217;ayant pour limite que l&#8217;imagination, le mobilier repr\u00e9sente une cat\u00e9gorie vari\u00e9e de possibilit\u00e9s. Tout ameublement sur mesure est possible chez vous, dans votre commerce ou encore votre entreprise&#8230;<\/p>\n\n\n\n<figure class=\"wp-block-image size-large\"><img loading=\"lazy\" decoding=\"async\" width=\"1024\" height=\"1024\" src=\"http:\/\/juliencoudraysoudure.fr\/wp-content\/uploads\/2024\/02\/Table-dexterieur-1024x1024.jpg\" alt=\"\" class=\"wp-image-114\" srcset=\"https:\/\/juliencoudraysoudure.fr\/wp-content\/uploads\/2024\/02\/Table-dexterieur-1024x1024.jpg 1024w, https:\/\/juliencoudraysoudure.fr\/wp-content\/uploads\/2024\/02\/Table-dexterieur-300x300.jpg 300w, https:\/\/juliencoudraysoudure.fr\/wp-content\/uploads\/2024\/02\/Table-dexterieur-150x150.jpg 150w, https:\/\/juliencoudraysoudure.fr\/wp-content\/uploads\/2024\/02\/Table-dexterieur-768x768.jpg 768w, https:\/\/juliencoudraysoudure.fr\/wp-content\/uploads\/2024\/02\/Table-dexterieur-100x100.jpg 100w, https:\/\/juliencoudraysoudure.fr\/wp-content\/uploads\/2024\/02\/Table-dexterieur.jpg 1080w\" sizes=\"auto, (max-width: 767px) 89vw, (max-width: 1000px) 54vw, (max-width: 1071px) 543px, 580px\" \/><figcaption class=\"wp-element-caption\">Table d&#8217;ext\u00e9rieur, pi\u00e8tement en acier et planche bois en guise de plateau.<\/figcaption><\/figure>\n\n\n\n<figure class=\"wp-block-image size-large\"><img loading=\"lazy\" decoding=\"async\" width=\"1024\" height=\"768\" src=\"http:\/\/juliencoudraysoudure.fr\/wp-content\/uploads\/2024\/02\/IMG-20231213-WA0002-1024x768.jpg\" alt=\"\" class=\"wp-image-112\" srcset=\"https:\/\/juliencoudraysoudure.fr\/wp-content\/uploads\/2024\/02\/IMG-20231213-WA0002-1024x768.jpg 1024w, https:\/\/juliencoudraysoudure.fr\/wp-content\/uploads\/2024\/02\/IMG-20231213-WA0002-300x225.jpg 300w, https:\/\/juliencoudraysoudure.fr\/wp-content\/uploads\/2024\/02\/IMG-20231213-WA0002-768x576.jpg 768w, https:\/\/juliencoudraysoudure.fr\/wp-content\/uploads\/2024\/02\/IMG-20231213-WA0002-1536x1152.jpg 1536w, https:\/\/juliencoudraysoudure.fr\/wp-content\/uploads\/2024\/02\/IMG-20231213-WA0002.jpg 1600w\" sizes=\"auto, (max-width: 767px) 89vw, (max-width: 1000px) 54vw, (max-width: 1071px) 543px, 580px\" \/><figcaption class=\"wp-element-caption\">Meuble tout acier  d\u00e9crochable au milieu. Trois plateaux sobres sur les caissons de gauche.<\/figcaption><\/figure>\n\n\n\n<figure class=\"wp-block-image size-large\"><img loading=\"lazy\" decoding=\"async\" width=\"768\" height=\"1024\" src=\"http:\/\/juliencoudraysoudure.fr\/wp-content\/uploads\/2024\/02\/Meuble-bar-768x1024.jpg\" alt=\"\" class=\"wp-image-113\" srcset=\"https:\/\/juliencoudraysoudure.fr\/wp-content\/uploads\/2024\/02\/Meuble-bar-768x1024.jpg 768w, https:\/\/juliencoudraysoudure.fr\/wp-content\/uploads\/2024\/02\/Meuble-bar-225x300.jpg 225w, https:\/\/juliencoudraysoudure.fr\/wp-content\/uploads\/2024\/02\/Meuble-bar-1152x1536.jpg 1152w, https:\/\/juliencoudraysoudure.fr\/wp-content\/uploads\/2024\/02\/Meuble-bar-1536x2048.jpg 1536w, https:\/\/juliencoudraysoudure.fr\/wp-content\/uploads\/2024\/02\/Meuble-bar-scaled.jpg 1920w\" sizes=\"auto, (max-width: 767px) 89vw, (max-width: 1000px) 54vw, (max-width: 1071px) 543px, 580px\" \/><figcaption class=\"wp-element-caption\">Meuble bar Acier \/ Bois<\/figcaption><\/figure>\n\n\n\n<figure class=\"wp-block-image size-large\"><img loading=\"lazy\" decoding=\"async\" width=\"768\" height=\"1024\" src=\"http:\/\/juliencoudraysoudure.fr\/wp-content\/uploads\/2024\/02\/20220114_202236-768x1024.jpg\" alt=\"\" class=\"wp-image-110\" srcset=\"https:\/\/juliencoudraysoudure.fr\/wp-content\/uploads\/2024\/02\/20220114_202236-768x1024.jpg 768w, https:\/\/juliencoudraysoudure.fr\/wp-content\/uploads\/2024\/02\/20220114_202236-225x300.jpg 225w, https:\/\/juliencoudraysoudure.fr\/wp-content\/uploads\/2024\/02\/20220114_202236-1152x1536.jpg 1152w, https:\/\/juliencoudraysoudure.fr\/wp-content\/uploads\/2024\/02\/20220114_202236-1536x2048.jpg 1536w, https:\/\/juliencoudraysoudure.fr\/wp-content\/uploads\/2024\/02\/20220114_202236-scaled.jpg 1920w\" sizes=\"auto, (max-width: 767px) 89vw, (max-width: 1000px) 54vw, (max-width: 1071px) 543px, 580px\" \/><figcaption class=\"wp-element-caption\">Meuble bar sur mesure pour compl\u00e9ter un plan de travail de cuisine.<\/figcaption><\/figure>\n","protected":false},"excerpt":{"rendered":"<p>N&#8217;ayant pour limite que l&#8217;imagination, le mobilier repr\u00e9sente une cat\u00e9gorie vari\u00e9e de possibilit\u00e9s. Tout ameublement sur mesure est possible chez vous, dans votre commerce ou encore votre entreprise&#8230;<\/p>\n","protected":false},"author":2,"featured_media":0,"parent":0,"menu_order":0,"comment_status":"closed","ping_status":"closed","template":"","meta":{"footnotes":""},"class_list":["post-88","page","type-page","status-publish","hentry"],"_links":{"self":[{"href":"https:\/\/juliencoudraysoudure.fr\/index.php\/wp-json\/wp\/v2\/pages\/88","targetHints":{"allow":["GET"]}}],"collection":[{"href":"https:\/\/juliencoudraysoudure.fr\/index.php\/wp-json\/wp\/v2\/pages"}],"about":[{"href":"https:\/\/juliencoudraysoudure.fr\/index.php\/wp-json\/wp\/v2\/types\/page"}],"author":[{"embeddable":true,"href":"https:\/\/juliencoudraysoudure.fr\/index.php\/wp-json\/wp\/v2\/users\/2"}],"replies":[{"embeddable":true,"href":"https:\/\/juliencoudraysoudure.fr\/index.php\/wp-json\/wp\/v2\/comments?post=88"}],"version-history":[{"count":3,"href":"https:\/\/juliencoudraysoudure.fr\/index.php\/wp-json\/wp\/v2\/pages\/88\/revisions"}],"predecessor-version":[{"id":166,"href":"https:\/\/juliencoudraysoudure.fr\/index.php\/wp-json\/wp\/v2\/pages\/88\/revisions\/166"}],"wp:attachment":[{"href":"https:\/\/juliencoudraysoudure.fr\/index.php\/wp-json\/wp\/v2\/media?parent=88"}],"curies":[{"name":"wp","href":"https:\/\/api.w.org\/{rel}","templated":true}]}}