{"id":85,"date":"2023-11-03T09:28:12","date_gmt":"2023-11-03T08:28:12","guid":{"rendered":"https:\/\/juliencoudraysoudure.fr\/?page_id=85"},"modified":"2025-04-23T09:27:18","modified_gmt":"2025-04-23T07:27:18","slug":"portail","status":"publish","type":"page","link":"https:\/\/juliencoudraysoudure.fr\/index.php\/portail\/","title":{"rendered":"Portail"},"content":{"rendered":"\n<p>Les portails sont une demande importante de l&#8217;entreprise. Battant ou coulissant tout est r\u00e9alisable. <\/p>\n\n\n\n\n\n<figure class=\"wp-block-image size-large\"><img loading=\"lazy\" decoding=\"async\" width=\"1024\" height=\"768\" src=\"http:\/\/juliencoudraysoudure.fr\/wp-content\/uploads\/2024\/02\/2-portails-assortie-1024x768.jpg\" alt=\"\" class=\"wp-image-109\" srcset=\"https:\/\/juliencoudraysoudure.fr\/wp-content\/uploads\/2024\/02\/2-portails-assortie-1024x768.jpg 1024w, https:\/\/juliencoudraysoudure.fr\/wp-content\/uploads\/2024\/02\/2-portails-assortie-300x225.jpg 300w, https:\/\/juliencoudraysoudure.fr\/wp-content\/uploads\/2024\/02\/2-portails-assortie-768x576.jpg 768w, https:\/\/juliencoudraysoudure.fr\/wp-content\/uploads\/2024\/02\/2-portails-assortie-1536x1152.jpg 1536w, https:\/\/juliencoudraysoudure.fr\/wp-content\/uploads\/2024\/02\/2-portails-assortie-2048x1536.jpg 2048w\" sizes=\"auto, (max-width: 767px) 89vw, (max-width: 1000px) 54vw, (max-width: 1071px) 543px, 580px\" \/><figcaption class=\"wp-element-caption\">Deux portails assortis acier \/ bois. Design diff\u00e9rents et coh\u00e9rents. Pose en deux temps, ce qui donne un aper\u00e7u du bois &#8220;neuf&#8221; et grisant apr\u00e8s quelques mois sous les intemp\u00e9ries.  <\/figcaption><\/figure>\n\n\n\n<figure class=\"wp-block-image size-large\"><img loading=\"lazy\" decoding=\"async\" width=\"1024\" height=\"768\" src=\"http:\/\/juliencoudraysoudure.fr\/wp-content\/uploads\/2024\/03\/Resized_20240224_1811061-1024x768.jpg\" alt=\"\" class=\"wp-image-143\" srcset=\"https:\/\/juliencoudraysoudure.fr\/wp-content\/uploads\/2024\/03\/Resized_20240224_1811061-1024x768.jpg 1024w, https:\/\/juliencoudraysoudure.fr\/wp-content\/uploads\/2024\/03\/Resized_20240224_1811061-300x225.jpg 300w, https:\/\/juliencoudraysoudure.fr\/wp-content\/uploads\/2024\/03\/Resized_20240224_1811061-768x576.jpg 768w, https:\/\/juliencoudraysoudure.fr\/wp-content\/uploads\/2024\/03\/Resized_20240224_1811061.jpg 1440w\" sizes=\"auto, (max-width: 767px) 89vw, (max-width: 1000px) 54vw, (max-width: 1071px) 543px, 580px\" \/><figcaption class=\"wp-element-caption\">Portail 4m sur 1.30m de hauteur. Deux battants \u00e0 ouverture \u00e9lectrique. La couleur \u00e0 \u00e9t\u00e9 choisie pour \u00eatre en lien avec les menuiseries de la maison. Le bois est du douglas non trait\u00e9 qui grisera avec les pluies.<\/figcaption><\/figure>\n\n\n\n<p><\/p>\n\n\n\n<figure class=\"wp-block-image size-large\"><img loading=\"lazy\" decoding=\"async\" width=\"1024\" height=\"768\" src=\"http:\/\/juliencoudraysoudure.fr\/wp-content\/uploads\/2025\/01\/20241018_160842-1024x768.jpg\" alt=\"\" class=\"wp-image-232\" srcset=\"https:\/\/juliencoudraysoudure.fr\/wp-content\/uploads\/2025\/01\/20241018_160842-1024x768.jpg 1024w, https:\/\/juliencoudraysoudure.fr\/wp-content\/uploads\/2025\/01\/20241018_160842-300x225.jpg 300w, https:\/\/juliencoudraysoudure.fr\/wp-content\/uploads\/2025\/01\/20241018_160842-768x576.jpg 768w, https:\/\/juliencoudraysoudure.fr\/wp-content\/uploads\/2025\/01\/20241018_160842-1536x1152.jpg 1536w, https:\/\/juliencoudraysoudure.fr\/wp-content\/uploads\/2025\/01\/20241018_160842-2048x1536.jpg 2048w\" sizes=\"auto, (max-width: 767px) 89vw, (max-width: 1000px) 54vw, (max-width: 1071px) 543px, 580px\" \/><figcaption class=\"wp-element-caption\">Cl\u00f4ture et portillon thermolaqu\u00e9.<\/figcaption><\/figure>\n\n\n\n<figure class=\"wp-block-image size-large\"><img loading=\"lazy\" decoding=\"async\" width=\"1024\" height=\"768\" src=\"http:\/\/juliencoudraysoudure.fr\/wp-content\/uploads\/2025\/01\/20241108_141117-1024x768.jpg\" alt=\"R\u00e9novation de ce portail. Le bati existant \u00e0 \u00e9t\u00e9 conserv\u00e9 et peint. Les lames en chataignier ont \u00e9t\u00e9 remplac\u00e9es\" class=\"wp-image-233\" srcset=\"https:\/\/juliencoudraysoudure.fr\/wp-content\/uploads\/2025\/01\/20241108_141117-1024x768.jpg 1024w, https:\/\/juliencoudraysoudure.fr\/wp-content\/uploads\/2025\/01\/20241108_141117-300x225.jpg 300w, https:\/\/juliencoudraysoudure.fr\/wp-content\/uploads\/2025\/01\/20241108_141117-768x576.jpg 768w, https:\/\/juliencoudraysoudure.fr\/wp-content\/uploads\/2025\/01\/20241108_141117-1536x1152.jpg 1536w, https:\/\/juliencoudraysoudure.fr\/wp-content\/uploads\/2025\/01\/20241108_141117-2048x1536.jpg 2048w\" sizes=\"auto, (max-width: 767px) 89vw, (max-width: 1000px) 54vw, (max-width: 1071px) 543px, 580px\" \/><figcaption class=\"wp-element-caption\">R\u00e9novation du b\u00e2ti acier, quelques soudures puis peinture. Pose de lames de ch\u00e2taignier neuves qui griseront avec le temps. <\/figcaption><\/figure>\n\n\n\n<figure class=\"wp-block-image size-large\"><img loading=\"lazy\" decoding=\"async\" width=\"768\" height=\"1024\" src=\"http:\/\/juliencoudraysoudure.fr\/wp-content\/uploads\/2025\/04\/20250411_090647-768x1024.jpg\" alt=\"\" class=\"wp-image-256\" srcset=\"https:\/\/juliencoudraysoudure.fr\/wp-content\/uploads\/2025\/04\/20250411_090647-768x1024.jpg 768w, https:\/\/juliencoudraysoudure.fr\/wp-content\/uploads\/2025\/04\/20250411_090647-225x300.jpg 225w, https:\/\/juliencoudraysoudure.fr\/wp-content\/uploads\/2025\/04\/20250411_090647-1152x1536.jpg 1152w, https:\/\/juliencoudraysoudure.fr\/wp-content\/uploads\/2025\/04\/20250411_090647-1536x2048.jpg 1536w, https:\/\/juliencoudraysoudure.fr\/wp-content\/uploads\/2025\/04\/20250411_090647-scaled.jpg 1920w\" sizes=\"auto, (max-width: 767px) 89vw, (max-width: 1000px) 54vw, (max-width: 1071px) 543px, 580px\" \/><figcaption class=\"wp-element-caption\">Portail \u00e0 2 battants, t\u00f4les occultantes festonn\u00e9es. Finition thermolaqu\u00e9e.<\/figcaption><\/figure>\n","protected":false},"excerpt":{"rendered":"<p>Les portails sont une demande importante de l&#8217;entreprise. Battant ou coulissant tout est r\u00e9alisable.<\/p>\n","protected":false},"author":2,"featured_media":0,"parent":0,"menu_order":0,"comment_status":"closed","ping_status":"closed","template":"","meta":{"footnotes":""},"class_list":["post-85","page","type-page","status-publish","hentry"],"_links":{"self":[{"href":"https:\/\/juliencoudraysoudure.fr\/index.php\/wp-json\/wp\/v2\/pages\/85","targetHints":{"allow":["GET"]}}],"collection":[{"href":"https:\/\/juliencoudraysoudure.fr\/index.php\/wp-json\/wp\/v2\/pages"}],"about":[{"href":"https:\/\/juliencoudraysoudure.fr\/index.php\/wp-json\/wp\/v2\/types\/page"}],"author":[{"embeddable":true,"href":"https:\/\/juliencoudraysoudure.fr\/index.php\/wp-json\/wp\/v2\/users\/2"}],"replies":[{"embeddable":true,"href":"https:\/\/juliencoudraysoudure.fr\/index.php\/wp-json\/wp\/v2\/comments?post=85"}],"version-history":[{"count":16,"href":"https:\/\/juliencoudraysoudure.fr\/index.php\/wp-json\/wp\/v2\/pages\/85\/revisions"}],"predecessor-version":[{"id":267,"href":"https:\/\/juliencoudraysoudure.fr\/index.php\/wp-json\/wp\/v2\/pages\/85\/revisions\/267"}],"wp:attachment":[{"href":"https:\/\/juliencoudraysoudure.fr\/index.php\/wp-json\/wp\/v2\/media?parent=85"}],"curies":[{"name":"wp","href":"https:\/\/api.w.org\/{rel}","templated":true}]}}