{"id":128,"date":"2024-03-10T18:34:42","date_gmt":"2024-03-10T17:34:42","guid":{"rendered":"https:\/\/juliencoudraysoudure.fr\/?page_id=128"},"modified":"2025-04-23T09:48:26","modified_gmt":"2025-04-23T07:48:26","slug":"escalier","status":"publish","type":"page","link":"https:\/\/juliencoudraysoudure.fr\/index.php\/escalier\/","title":{"rendered":"Escalier, rambarde et garde corps"},"content":{"rendered":"\n<p>R\u00e9alisation d&#8217;escaliers.<\/p>\n\n\n\n<figure class=\"wp-block-image size-large\"><img loading=\"lazy\" decoding=\"async\" width=\"1024\" height=\"768\" src=\"http:\/\/juliencoudraysoudure.fr\/wp-content\/uploads\/2024\/02\/Escalier-brut-1024x768.jpg\" alt=\"\" class=\"wp-image-111\" srcset=\"https:\/\/juliencoudraysoudure.fr\/wp-content\/uploads\/2024\/02\/Escalier-brut-1024x768.jpg 1024w, https:\/\/juliencoudraysoudure.fr\/wp-content\/uploads\/2024\/02\/Escalier-brut-300x225.jpg 300w, https:\/\/juliencoudraysoudure.fr\/wp-content\/uploads\/2024\/02\/Escalier-brut-768x576.jpg 768w, https:\/\/juliencoudraysoudure.fr\/wp-content\/uploads\/2024\/02\/Escalier-brut-1536x1152.jpg 1536w, https:\/\/juliencoudraysoudure.fr\/wp-content\/uploads\/2024\/02\/Escalier-brut-2048x1536.jpg 2048w\" sizes=\"auto, (max-width: 767px) 89vw, (max-width: 1000px) 54vw, (max-width: 1071px) 543px, 580px\" \/><figcaption class=\"wp-element-caption\">Un escalier fabriqu\u00e9 avec de gros IPN appartenant au client avec d&#8217;\u00e9paisses marches en douglas. Un style  bien brut !<\/figcaption><\/figure>\n\n\n\n<figure class=\"wp-block-image size-large\"><img loading=\"lazy\" decoding=\"async\" width=\"1024\" height=\"768\" src=\"http:\/\/juliencoudraysoudure.fr\/wp-content\/uploads\/2024\/03\/20240315_114411-1024x768.jpg\" alt=\"\" class=\"wp-image-185\" srcset=\"https:\/\/juliencoudraysoudure.fr\/wp-content\/uploads\/2024\/03\/20240315_114411-1024x768.jpg 1024w, https:\/\/juliencoudraysoudure.fr\/wp-content\/uploads\/2024\/03\/20240315_114411-300x225.jpg 300w, https:\/\/juliencoudraysoudure.fr\/wp-content\/uploads\/2024\/03\/20240315_114411-768x576.jpg 768w, https:\/\/juliencoudraysoudure.fr\/wp-content\/uploads\/2024\/03\/20240315_114411-1536x1152.jpg 1536w, https:\/\/juliencoudraysoudure.fr\/wp-content\/uploads\/2024\/03\/20240315_114411-2048x1536.jpg 2048w\" sizes=\"auto, (max-width: 767px) 89vw, (max-width: 1000px) 54vw, (max-width: 1071px) 543px, 580px\" \/><figcaption class=\"wp-element-caption\">Petite rampe pour une sortie de cave. Structure et main courante faites maison et la protection du bois est effectu\u00e9 avec la cire de nos abeilles !<\/figcaption><\/figure>\n\n\n\n<figure class=\"wp-block-image size-large\"><img loading=\"lazy\" decoding=\"async\" width=\"768\" height=\"1024\" src=\"http:\/\/juliencoudraysoudure.fr\/wp-content\/uploads\/2025\/04\/20250407_171433-768x1024.jpg\" alt=\"\" class=\"wp-image-247\" srcset=\"https:\/\/juliencoudraysoudure.fr\/wp-content\/uploads\/2025\/04\/20250407_171433-768x1024.jpg 768w, https:\/\/juliencoudraysoudure.fr\/wp-content\/uploads\/2025\/04\/20250407_171433-225x300.jpg 225w, https:\/\/juliencoudraysoudure.fr\/wp-content\/uploads\/2025\/04\/20250407_171433-1152x1536.jpg 1152w, https:\/\/juliencoudraysoudure.fr\/wp-content\/uploads\/2025\/04\/20250407_171433-1536x2048.jpg 1536w, https:\/\/juliencoudraysoudure.fr\/wp-content\/uploads\/2025\/04\/20250407_171433-scaled.jpg 1920w\" sizes=\"auto, (max-width: 767px) 89vw, (max-width: 1000px) 54vw, (max-width: 1071px) 543px, 580px\" \/><figcaption class=\"wp-element-caption\">Garde corps sur mesure, t\u00f4le d\u00e9ploy\u00e9e en toute hauteur et largeur.<\/figcaption><\/figure>\n\n\n\n<figure class=\"wp-block-image size-large\"><img loading=\"lazy\" decoding=\"async\" width=\"768\" height=\"1024\" src=\"http:\/\/juliencoudraysoudure.fr\/wp-content\/uploads\/2025\/04\/20250407_171159-768x1024.jpg\" alt=\"\" class=\"wp-image-246\" srcset=\"https:\/\/juliencoudraysoudure.fr\/wp-content\/uploads\/2025\/04\/20250407_171159-768x1024.jpg 768w, https:\/\/juliencoudraysoudure.fr\/wp-content\/uploads\/2025\/04\/20250407_171159-225x300.jpg 225w, https:\/\/juliencoudraysoudure.fr\/wp-content\/uploads\/2025\/04\/20250407_171159-1152x1536.jpg 1152w, https:\/\/juliencoudraysoudure.fr\/wp-content\/uploads\/2025\/04\/20250407_171159-1536x2048.jpg 1536w, https:\/\/juliencoudraysoudure.fr\/wp-content\/uploads\/2025\/04\/20250407_171159-scaled.jpg 1920w\" sizes=\"auto, (max-width: 767px) 89vw, (max-width: 1000px) 54vw, (max-width: 1071px) 543px, 580px\" \/><figcaption class=\"wp-element-caption\">M\u00eame garde corps vue du haut<\/figcaption><\/figure>\n","protected":false},"excerpt":{"rendered":"<p>R\u00e9alisation d&#8217;escaliers.<\/p>\n","protected":false},"author":1,"featured_media":0,"parent":0,"menu_order":0,"comment_status":"closed","ping_status":"closed","template":"","meta":{"footnotes":""},"class_list":["post-128","page","type-page","status-publish","hentry"],"_links":{"self":[{"href":"https:\/\/juliencoudraysoudure.fr\/index.php\/wp-json\/wp\/v2\/pages\/128","targetHints":{"allow":["GET"]}}],"collection":[{"href":"https:\/\/juliencoudraysoudure.fr\/index.php\/wp-json\/wp\/v2\/pages"}],"about":[{"href":"https:\/\/juliencoudraysoudure.fr\/index.php\/wp-json\/wp\/v2\/types\/page"}],"author":[{"embeddable":true,"href":"https:\/\/juliencoudraysoudure.fr\/index.php\/wp-json\/wp\/v2\/users\/1"}],"replies":[{"embeddable":true,"href":"https:\/\/juliencoudraysoudure.fr\/index.php\/wp-json\/wp\/v2\/comments?post=128"}],"version-history":[{"count":7,"href":"https:\/\/juliencoudraysoudure.fr\/index.php\/wp-json\/wp\/v2\/pages\/128\/revisions"}],"predecessor-version":[{"id":278,"href":"https:\/\/juliencoudraysoudure.fr\/index.php\/wp-json\/wp\/v2\/pages\/128\/revisions\/278"}],"wp:attachment":[{"href":"https:\/\/juliencoudraysoudure.fr\/index.php\/wp-json\/wp\/v2\/media?parent=128"}],"curies":[{"name":"wp","href":"https:\/\/api.w.org\/{rel}","templated":true}]}}